{"id":19706,"date":"2024-02-22T05:29:15","date_gmt":"2024-02-22T05:29:15","guid":{"rendered":"https:\/\/moderakoopia2.salesdom.ee\/ajatelg\/"},"modified":"2024-02-22T05:34:51","modified_gmt":"2024-02-22T05:34:51","slug":"ajatelg","status":"publish","type":"page","link":"https:\/\/moderakoopia2.salesdom.ee\/et\/ajatelg\/","title":{"rendered":"Ajatelg"},"content":{"rendered":"\t\t<div data-elementor-type=\"wp-page\" data-elementor-id=\"19706\" class=\"elementor elementor-19706 elementor-158\" data-elementor-post-type=\"page\">\n\t\t\t\t\t\t<section class=\"penci-section penci-dmcheck penci-elbg-activate penci-disSticky penci-structure-10 elementor-section elementor-top-section elementor-element elementor-element-4a802143 elementor-reverse-tablet elementor-reverse-mobile elementor-section-boxed elementor-section-height-default elementor-section-height-default\" data-id=\"4a802143\" data-element_type=\"section\" data-settings=\"{&quot;background_background&quot;:&quot;classic&quot;}\">\n\t\t\t\t\t\t<div class=\"elementor-container elementor-column-gap-default\">\n\t\t\t\t\t<div class=\"penci-ercol-100 penci-ercol-order-1 penci-sticky-ct    elementor-column elementor-col-100 elementor-top-column elementor-element elementor-element-251cb5e7\" data-id=\"251cb5e7\" data-element_type=\"column\">\n\t\t\t<div class=\"elementor-widget-wrap elementor-element-populated\">\n\t\t\t\t\t\t<div class=\"elementor-element elementor-element-1f5a7361 elementor-widget elementor-widget-heading\" data-id=\"1f5a7361\" data-element_type=\"widget\" data-widget_type=\"heading.default\">\n\t\t\t\t<div class=\"elementor-widget-container\">\n\t\t\t<style>\/*! elementor - v3.21.0 - 18-04-2024 *\/\n.elementor-heading-title{padding:0;margin:0;line-height:1}.elementor-widget-heading .elementor-heading-title[class*=elementor-size-]>a{color:inherit;font-size:inherit;line-height:inherit}.elementor-widget-heading .elementor-heading-title.elementor-size-small{font-size:15px}.elementor-widget-heading .elementor-heading-title.elementor-size-medium{font-size:19px}.elementor-widget-heading .elementor-heading-title.elementor-size-large{font-size:29px}.elementor-widget-heading .elementor-heading-title.elementor-size-xl{font-size:39px}.elementor-widget-heading .elementor-heading-title.elementor-size-xxl{font-size:59px}<\/style><h1 class=\"elementor-heading-title elementor-size-default\">Rohelise IKT teejuht<\/h1>\t\t<\/div>\n\t\t\t\t<\/div>\n\t\t\t\t<div class=\"elementor-element elementor-element-28262a26 elementor-widget elementor-widget-timeline-widget-addon\" data-id=\"28262a26\" data-element_type=\"widget\" data-widget_type=\"timeline-widget-addon.default\">\n\t\t\t\t<div class=\"elementor-widget-container\">\n\t\t\t<!-- ========= Timeline Widget Addon For Elementor 1.5.7 ========= -->\r\n<div id=\"twae-wrapper-28262a26\" class=\"twae-vertical twae-wrapper  twae-both-sided\">   \r\n    <div class=\"twae-start\"><\/div>    \r\n    <div id=\"twea-timeline-28262a26\" class=\"twae-timeline\" ><!-- Start of Story Repeater Content --><div id=\"story-8176f06\" class=\"twae-story twae-repeater-item twae-story-right twae-story-no-icon\"><!-- Story Icon Dot --><div class=\"twae-icondot\"><\/div><!-- Story Arrow --><div class=\"twae-arrow\"><\/div><!-- Start of Story Content --><div class=\"twae-content\"><!-- Story Title --><div class=\"twae-title\">Q3 2021<\/div><!-- Story Description --><div class=\"twae-description\"><p>- Faas 2 UI t\u00e4ienduste sisseviimine<br \/>\n-Kindlustuse integreerimise arendus<br \/>\n-Kliendituvastuse teekond isikliku konto abil<\/p>\n<\/div><\/div><\/div><!-- Start of Story Repeater Content --><div id=\"story-252132c\" class=\"twae-story twae-repeater-item twae-story-left twae-story-no-icon\"><!-- Story Icon Dot --><div class=\"twae-icondot\"><\/div><!-- Story Arrow --><div class=\"twae-arrow\"><\/div><!-- Start of Story Content --><div class=\"twae-content\"><!-- Story Title --><div class=\"twae-title\">Q4 2021<\/div><!-- Story Description --><div class=\"twae-description\"><p>-Tellimuse staatuse j\u00e4lgimine<br \/>\n-Incadea integratsioon(s\u00f5idukite \u00fclevaade)<br \/>\n-S\u00f5idukite avaldamine<br \/>\n-Kindlustuse integratsiooni arendus<\/p>\n<\/div><\/div><\/div><!-- Start of Story Repeater Content --><div id=\"story-9f703e7\" class=\"twae-story twae-repeater-item twae-story-right twae-story-no-icon\"><!-- Story Icon Dot --><div class=\"twae-icondot\"><\/div><!-- Story Arrow --><div class=\"twae-arrow\"><\/div><!-- Start of Story Content --><div class=\"twae-content\"><!-- Story Title --><div class=\"twae-title\">Q1 2022<\/div><!-- Story Description --><div class=\"twae-description\"><p>-Rahastamise integratsiooni arendus<br \/>\n-Ettemakse t\u00f6\u00f6voog<br \/>\n- Klientide m\u00fc\u00fcgi juhtumine haldus<\/p>\n<\/div><\/div><\/div><!-- Start of Story Repeater Content --><div id=\"story-f7d7975\" class=\"twae-story twae-repeater-item twae-story-left twae-story-no-icon\"><!-- Story Icon Dot --><div class=\"twae-icondot\"><\/div><!-- Story Arrow --><div class=\"twae-arrow\"><\/div><!-- Start of Story Content --><div class=\"twae-content\"><!-- Story Title --><div class=\"twae-title\">Q2 2022<\/div><!-- Story Description --><div class=\"twae-description\"><p>- Klientide m\u00fc\u00fcgi juhtumine haldus<br \/>\n- S\u00f5idukite kohaletoimetamise t\u00f6\u00f6voog<br \/>\n- Test-s\u00f5idu kalendri live integratsioon<br \/>\n- Veebilehe moodulite integratsioon<\/p>\n<\/div><\/div><\/div><!-- Start of Story Repeater Content --><div id=\"story-511cdc0\" class=\"twae-story twae-repeater-item twae-story-right twae-story-no-icon\"><!-- Story Icon Dot --><div class=\"twae-icondot\"><\/div><!-- Story Arrow --><div class=\"twae-arrow\"><\/div><!-- Start of Story Content --><div class=\"twae-content\"><!-- Story Title --><div class=\"twae-title\">Q3 2022<\/div><!-- Story Description --><div class=\"twae-description\"><p>- Klientide m\u00fc\u00fcgi juhtumine haldus<br \/>\n- Kindlustuste integratsiooni pilootprojektid (LHV, ERGO, IF)<br \/>\n- Autoriseerimata m\u00fc\u00fcgivoog<\/p>\n<\/div><\/div><\/div><!-- Start of Story Repeater Content --><div id=\"story-6a6dd81\" class=\"twae-story twae-repeater-item twae-story-left twae-story-no-icon\"><!-- Story Icon Dot --><div class=\"twae-icondot\"><\/div><!-- Story Arrow --><div class=\"twae-arrow\"><\/div><!-- Start of Story Content --><div class=\"twae-content\"><!-- Story Title --><div class=\"twae-title\">2023<\/div><!-- Story Description --><div class=\"twae-description\"><p>-Incadea integratsioon (S\u00f5idukite voog)<br \/>\n-Kliendi autoriseerimine<br \/>\n-Digitaalse allkirjastamise integratsioon<br \/>\n-Kohaletoimetamise t\u00f6\u00f6laud<\/p>\n<\/div><\/div><\/div><\/div>\r\n    <div class=\"twae-end\"><\/div>\r\n    <\/div><style type=\"text\/css\">@media (max-width: 1024px){ .twae-wrapper{--tw-ybx-size: 80px !important;}}@media (max-width: 767px){ .twae-wrapper{--tw-ybx-size: 80px !important}}<\/style>\t\t<\/div>\n\t\t\t\t<\/div>\n\t\t\t\t\t<\/div>\n\t\t<\/div>\n\t\t\t\t\t<\/div>\n\t\t<\/section>\n\t\t\t\t<\/div>\n\t\t","protected":false},"excerpt":{"rendered":"<p>Rohelise IKT teejuht Q3 2021 &#8211; Faas 2 UI t\u00e4ienduste sisseviimine -Kindlustuse integreerimise arendus -Kliendituvastuse teekond isikliku konto abil Q4 2021 -Tellimuse staatuse j\u00e4lgimine -Incadea integratsioon(s\u00f5idukite \u00fclevaade) -S\u00f5idukite avaldamine -Kindlustuse&hellip;<\/p>\n","protected":false},"author":1,"featured_media":0,"parent":0,"menu_order":0,"comment_status":"closed","ping_status":"closed","template":"elementor_header_footer","meta":{"footnotes":""},"class_list":["post-19706","page","type-page","status-publish","hentry"],"yoast_head":"<!-- This site is optimized with the Yoast SEO Premium plugin v21.6 (Yoast SEO v22.1) - https:\/\/yoast.com\/wordpress\/plugins\/seo\/ -->\n<title>Ajatelg - Modera<\/title>\n<meta name=\"robots\" content=\"noindex, follow, max-snippet:-1, max-image-preview:large, max-video-preview:-1\" \/>\n<meta property=\"og:locale\" content=\"et_EE\" \/>\n<meta property=\"og:type\" content=\"article\" \/>\n<meta property=\"og:title\" content=\"Ajatelg\" \/>\n<meta property=\"og:description\" content=\"Rohelise IKT teejuht Q3 2021 &#8211; Faas 2 UI t\u00e4ienduste sisseviimine -Kindlustuse integreerimise arendus -Kliendituvastuse teekond isikliku konto abil Q4 2021 -Tellimuse staatuse j\u00e4lgimine -Incadea integratsioon(s\u00f5idukite \u00fclevaade) -S\u00f5idukite avaldamine -Kindlustuse&hellip;\" \/>\n<meta property=\"og:url\" content=\"https:\/\/moderakoopia2.salesdom.ee\/roadmap\/\" \/>\n<meta property=\"og:site_name\" content=\"Modera\" \/>\n<meta property=\"article:modified_time\" content=\"2024-02-22T05:34:51+00:00\" \/>\n<meta name=\"twitter:card\" content=\"summary_large_image\" \/>\n<meta name=\"twitter:label1\" content=\"Est. reading time\" \/>\n\t<meta name=\"twitter:data1\" content=\"1 minut\" \/>\n<script type=\"application\/ld+json\" class=\"yoast-schema-graph\">{\"@context\":\"https:\/\/schema.org\",\"@graph\":[{\"@type\":\"WebPage\",\"@id\":\"https:\/\/moderakoopia2.salesdom.ee\/roadmap\/\",\"url\":\"https:\/\/moderakoopia2.salesdom.ee\/roadmap\/\",\"name\":\"Ajatelg - Modera\",\"isPartOf\":{\"@id\":\"https:\/\/moderakoopia2.salesdom.ee\/#website\"},\"datePublished\":\"2024-02-22T05:29:15+00:00\",\"dateModified\":\"2024-02-22T05:34:51+00:00\",\"breadcrumb\":{\"@id\":\"https:\/\/moderakoopia2.salesdom.ee\/roadmap\/#breadcrumb\"},\"inLanguage\":\"et\",\"potentialAction\":[{\"@type\":\"ReadAction\",\"target\":[\"https:\/\/moderakoopia2.salesdom.ee\/roadmap\/\"]}]},{\"@type\":\"BreadcrumbList\",\"@id\":\"https:\/\/moderakoopia2.salesdom.ee\/roadmap\/#breadcrumb\",\"itemListElement\":[{\"@type\":\"ListItem\",\"position\":1,\"name\":\"Home\",\"item\":\"https:\/\/moderakoopia2.salesdom.ee\/\"},{\"@type\":\"ListItem\",\"position\":2,\"name\":\"Ajatelg\"}]},{\"@type\":\"WebSite\",\"@id\":\"https:\/\/moderakoopia2.salesdom.ee\/#website\",\"url\":\"https:\/\/moderakoopia2.salesdom.ee\/\",\"name\":\"Modera\",\"description\":\"Car sales made simple\",\"potentialAction\":[{\"@type\":\"SearchAction\",\"target\":{\"@type\":\"EntryPoint\",\"urlTemplate\":\"https:\/\/moderakoopia2.salesdom.ee\/?s={search_term_string}\"},\"query-input\":\"required name=search_term_string\"}],\"inLanguage\":\"et\"}]}<\/script>\n<!-- \/ Yoast SEO Premium plugin. -->","yoast_head_json":{"title":"Ajatelg - Modera","robots":{"index":"noindex","follow":"follow","max-snippet":"max-snippet:-1","max-image-preview":"max-image-preview:large","max-video-preview":"max-video-preview:-1"},"og_locale":"et_EE","og_type":"article","og_title":"Ajatelg","og_description":"Rohelise IKT teejuht Q3 2021 &#8211; Faas 2 UI t\u00e4ienduste sisseviimine -Kindlustuse integreerimise arendus -Kliendituvastuse teekond isikliku konto abil Q4 2021 -Tellimuse staatuse j\u00e4lgimine -Incadea integratsioon(s\u00f5idukite \u00fclevaade) -S\u00f5idukite avaldamine -Kindlustuse&hellip;","og_url":"https:\/\/moderakoopia2.salesdom.ee\/roadmap\/","og_site_name":"Modera","article_modified_time":"2024-02-22T05:34:51+00:00","twitter_card":"summary_large_image","twitter_misc":{"Est. reading time":"1 minut"},"schema":{"@context":"https:\/\/schema.org","@graph":[{"@type":"WebPage","@id":"https:\/\/moderakoopia2.salesdom.ee\/roadmap\/","url":"https:\/\/moderakoopia2.salesdom.ee\/roadmap\/","name":"Ajatelg - Modera","isPartOf":{"@id":"https:\/\/moderakoopia2.salesdom.ee\/#website"},"datePublished":"2024-02-22T05:29:15+00:00","dateModified":"2024-02-22T05:34:51+00:00","breadcrumb":{"@id":"https:\/\/moderakoopia2.salesdom.ee\/roadmap\/#breadcrumb"},"inLanguage":"et","potentialAction":[{"@type":"ReadAction","target":["https:\/\/moderakoopia2.salesdom.ee\/roadmap\/"]}]},{"@type":"BreadcrumbList","@id":"https:\/\/moderakoopia2.salesdom.ee\/roadmap\/#breadcrumb","itemListElement":[{"@type":"ListItem","position":1,"name":"Home","item":"https:\/\/moderakoopia2.salesdom.ee\/"},{"@type":"ListItem","position":2,"name":"Ajatelg"}]},{"@type":"WebSite","@id":"https:\/\/moderakoopia2.salesdom.ee\/#website","url":"https:\/\/moderakoopia2.salesdom.ee\/","name":"Modera","description":"Car sales made simple","potentialAction":[{"@type":"SearchAction","target":{"@type":"EntryPoint","urlTemplate":"https:\/\/moderakoopia2.salesdom.ee\/?s={search_term_string}"},"query-input":"required name=search_term_string"}],"inLanguage":"et"}]}},"_links":{"self":[{"href":"https:\/\/moderakoopia2.salesdom.ee\/et\/wp-json\/wp\/v2\/pages\/19706","targetHints":{"allow":["GET"]}}],"collection":[{"href":"https:\/\/moderakoopia2.salesdom.ee\/et\/wp-json\/wp\/v2\/pages"}],"about":[{"href":"https:\/\/moderakoopia2.salesdom.ee\/et\/wp-json\/wp\/v2\/types\/page"}],"author":[{"embeddable":true,"href":"https:\/\/moderakoopia2.salesdom.ee\/et\/wp-json\/wp\/v2\/users\/1"}],"replies":[{"embeddable":true,"href":"https:\/\/moderakoopia2.salesdom.ee\/et\/wp-json\/wp\/v2\/comments?post=19706"}],"version-history":[{"count":3,"href":"https:\/\/moderakoopia2.salesdom.ee\/et\/wp-json\/wp\/v2\/pages\/19706\/revisions"}],"predecessor-version":[{"id":19712,"href":"https:\/\/moderakoopia2.salesdom.ee\/et\/wp-json\/wp\/v2\/pages\/19706\/revisions\/19712"}],"wp:attachment":[{"href":"https:\/\/moderakoopia2.salesdom.ee\/et\/wp-json\/wp\/v2\/media?parent=19706"}],"curies":[{"name":"wp","href":"https:\/\/api.w.org\/{rel}","templated":true}]}}